{"id":28,"date":"2020-12-19T20:11:44","date_gmt":"2020-12-19T19:11:44","guid":{"rendered":"https:\/\/spfz.ch\/?page_id=28"},"modified":"2024-04-29T18:21:23","modified_gmt":"2024-04-29T17:21:23","slug":"kontakte","status":"publish","type":"page","link":"https:\/\/spfz.ch\/?page_id=28","title":{"rendered":"Vorstand"},"content":{"rendered":"\n<div class=\"wp-block-columns are-vertically-aligned-top is-layout-flex wp-container-core-columns-is-layout-9d6595d7 wp-block-columns-is-layout-flex\">\n<div class=\"wp-block-column is-vertically-aligned-top is-layout-flow wp-block-column-is-layout-flow\" style=\"flex-basis:50%\">\n<div class=\"wp-block-group\"><div class=\"wp-block-group__inner-container is-layout-flow wp-block-group-is-layout-flow\">\n<div class=\"wp-block-columns is-layout-flex wp-container-core-columns-is-layout-9d6595d7 wp-block-columns-is-layout-flex\">\n<div class=\"wp-block-column is-layout-flow wp-block-column-is-layout-flow\" style=\"flex-basis:33.33%\">\n<figure class=\"wp-block-image size-full\"><img decoding=\"async\" width=\"71\" height=\"100\" src=\"https:\/\/spfz.ch\/wp-content\/uploads\/2020\/12\/martin_zemp.jpg\" alt=\"\" class=\"wp-image-73\"\/><\/figure>\n<\/div>\n\n\n\n<div class=\"wp-block-column is-layout-flow wp-block-column-is-layout-flow\" style=\"flex-basis:66.66%\">\n<p><strong>Martin Zemp<\/strong><br>Pr\u00e4sident<br><a href=\"mailto:praesident@spfz.ch\">praesident@spfz.ch<\/a><\/p>\n<\/div>\n<\/div>\n\n\n\n<div class=\"wp-block-columns is-layout-flex wp-container-core-columns-is-layout-9d6595d7 wp-block-columns-is-layout-flex\">\n<div class=\"wp-block-column is-layout-flow wp-block-column-is-layout-flow\" style=\"flex-basis:33.33%\">\n<figure class=\"wp-block-image size-full\"><img decoding=\"async\" width=\"67\" height=\"100\" src=\"https:\/\/spfz.ch\/wp-content\/uploads\/2021\/08\/Passfoto-GR_klein.jpg\" alt=\"\" class=\"wp-image-426\"\/><\/figure>\n<\/div>\n\n\n\n<div class=\"wp-block-column is-layout-flow wp-block-column-is-layout-flow\" style=\"flex-basis:66.66%\">\n<p><strong>Gisela R\u00fctti<\/strong><br>Stv. Pr\u00e4sidentin \/ Event<br><a href=\"mailto:praesidentstv@spfz.ch\">praesidentstv@spfz.ch<\/a><\/p>\n<\/div>\n<\/div>\n\n\n\n<div class=\"wp-block-columns is-layout-flex wp-container-core-columns-is-layout-9d6595d7 wp-block-columns-is-layout-flex\">\n<div class=\"wp-block-column is-layout-flow wp-block-column-is-layout-flow\" style=\"flex-basis:33.33%\">\n<figure class=\"wp-block-image size-full\"><img decoding=\"async\" width=\"71\" height=\"100\" src=\"https:\/\/spfz.ch\/wp-content\/uploads\/2020\/12\/niels_Fischer.jpg\" alt=\"\" class=\"wp-image-74\"\/><\/figure>\n<\/div>\n\n\n\n<div class=\"wp-block-column is-layout-flow wp-block-column-is-layout-flow\" style=\"flex-basis:66.66%\">\n<p><strong>Niels Fischer<\/strong><br>Finanzen i V<br><a href=\"mailto:anlaesse@spfz.ch\"><\/a><a href=\"mailto:finanzen@spfz.ch\">finanzen@spfz.ch<\/a><\/p>\n<\/div>\n<\/div>\n\n\n\n<div class=\"wp-block-columns is-layout-flex wp-container-core-columns-is-layout-9d6595d7 wp-block-columns-is-layout-flex\">\n<div class=\"wp-block-column is-layout-flow wp-block-column-is-layout-flow\" style=\"flex-basis:33.33%\">\n<figure class=\"wp-block-image size-full is-resized\"><img loading=\"lazy\" decoding=\"async\" width=\"445\" height=\"623\" src=\"https:\/\/spfz.ch\/wp-content\/uploads\/2024\/02\/FUHRER_NICOLE_02.jpg\" alt=\"\" class=\"wp-image-967\" style=\"width:74px;height:auto\" srcset=\"https:\/\/spfz.ch\/wp-content\/uploads\/2024\/02\/FUHRER_NICOLE_02.jpg 445w, https:\/\/spfz.ch\/wp-content\/uploads\/2024\/02\/FUHRER_NICOLE_02-214x300.jpg 214w\" sizes=\"(max-width: 445px) 100vw, 445px\" \/><\/figure>\n<\/div>\n\n\n\n<div class=\"wp-block-column is-layout-flow wp-block-column-is-layout-flow\" style=\"flex-basis:66.66%\">\n<p><strong>Nicole Fuhrer<\/strong><br>Protokoll \/ Text<br><a href=\"mailto:protokoll@spfz.ch\">protokoll@spfz.ch<\/a><\/p>\n<\/div>\n<\/div>\n\n\n\n<div class=\"wp-block-columns is-layout-flex wp-container-core-columns-is-layout-9d6595d7 wp-block-columns-is-layout-flex\">\n<div class=\"wp-block-column is-layout-flow wp-block-column-is-layout-flow\" style=\"flex-basis:33.33%\">\n<figure class=\"wp-block-image size-full\"><img loading=\"lazy\" decoding=\"async\" width=\"71\" height=\"100\" src=\"https:\/\/spfz.ch\/wp-content\/uploads\/2020\/12\/vorstand_Helmut.jpg\" alt=\"\" class=\"wp-image-78\"\/><\/figure>\n<\/div>\n\n\n\n<div class=\"wp-block-column is-layout-flow wp-block-column-is-layout-flow\" style=\"flex-basis:66.66%\">\n<p><strong>Helmut B\u00e4der<\/strong><br>Verbindung zu Milit\u00e4r Campus Luzern<br><a href=\"mailto:praesident@spfz.ch\">campus@spfz.ch<\/a><\/p>\n<\/div>\n<\/div>\n\n\n\n<div class=\"wp-block-columns is-layout-flex wp-container-core-columns-is-layout-9d6595d7 wp-block-columns-is-layout-flex\">\n<div class=\"wp-block-column is-layout-flow wp-block-column-is-layout-flow\" style=\"flex-basis:33.33%\">\n<figure class=\"wp-block-image size-full is-resized\"><img loading=\"lazy\" decoding=\"async\" width=\"201\" height=\"301\" src=\"https:\/\/spfz.ch\/wp-content\/uploads\/2024\/04\/theodor_biderbost.jpg\" alt=\"\" class=\"wp-image-975\" style=\"width:73px;height:auto\"\/><\/figure>\n<\/div>\n\n\n\n<div class=\"wp-block-column is-layout-flow wp-block-column-is-layout-flow\" style=\"flex-basis:66.66%\">\n<p><strong>Theodor Biderbost<\/strong><br>Homepage \/ Medien<br><a href=\"mailto:web@spfz.ch\">web@spfz.ch<\/a><\/p>\n<\/div>\n<\/div>\n<\/div><\/div>\n<\/div>\n<\/div>\n","protected":false},"excerpt":{"rendered":"<p>Martin ZempPr\u00e4sidentpraesident@spfz.ch Gisela R\u00fcttiStv. Pr\u00e4sidentin \/ Eventpraesidentstv@spfz.ch Niels FischerFinanzen i Vfinanzen@spfz.ch Nicole FuhrerProtokoll \/ Textprotokoll@spfz.ch Helmut B\u00e4derVerbindung zu Milit\u00e4r Campus Luzerncampus@spfz.ch Theodor BiderbostHomepage \/ Medienweb@spfz.ch<\/p>\n","protected":false},"author":1,"featured_media":0,"parent":2,"menu_order":0,"comment_status":"closed","ping_status":"closed","template":"page-templates\/front-page.php","meta":{"_uag_custom_page_level_css":"","ngg_post_thumbnail":0,"_price":"","_stock":"","_tribe_ticket_header":"","_tribe_default_ticket_provider":"","_ticket_start_date":"","_ticket_end_date":"","_tribe_ticket_show_description":"","_tribe_ticket_show_not_going":false,"_tribe_ticket_use_global_stock":"","_tribe_ticket_global_stock_level":"","_global_stock_mode":"","_global_stock_cap":"","_tribe_rsvp_for_event":"","_tribe_ticket_going_count":"","_tribe_ticket_not_going_count":"","_tribe_tickets_list":"[]","_tribe_ticket_has_attendee_info_fields":false,"footnotes":"","_tec_slr_enabled":"","_tec_slr_layout":""},"class_list":["post-28","page","type-page","status-publish","hentry"],"uagb_featured_image_src":{"full":false,"thumbnail":false,"medium":false,"medium_large":false,"large":false,"1536x1536":false,"2048x2048":false,"post-thumbnail":false},"uagb_author_info":{"display_name":"admin","author_link":"https:\/\/spfz.ch\/?author=1"},"uagb_comment_info":0,"uagb_excerpt":"Martin ZempPr\u00e4sidentpraesident@spfz.ch Gisela R\u00fcttiStv. Pr\u00e4sidentin \/ Eventpraesidentstv@spfz.ch Niels FischerFinanzen i Vfinanzen@spfz.ch Nicole FuhrerProtokoll \/ Textprotokoll@spfz.ch Helmut B\u00e4derVerbindung zu Milit\u00e4r Campus Luzerncampus@spfz.ch Theodor BiderbostHomepage \/ Medienweb@spfz.ch","ticketed":false,"_links":{"self":[{"href":"https:\/\/spfz.ch\/index.php?rest_route=\/wp\/v2\/pages\/28","targetHints":{"allow":["GET"]}}],"collection":[{"href":"https:\/\/spfz.ch\/index.php?rest_route=\/wp\/v2\/pages"}],"about":[{"href":"https:\/\/spfz.ch\/index.php?rest_route=\/wp\/v2\/types\/page"}],"author":[{"embeddable":true,"href":"https:\/\/spfz.ch\/index.php?rest_route=\/wp\/v2\/users\/1"}],"replies":[{"embeddable":true,"href":"https:\/\/spfz.ch\/index.php?rest_route=%2Fwp%2Fv2%2Fcomments&post=28"}],"version-history":[{"count":44,"href":"https:\/\/spfz.ch\/index.php?rest_route=\/wp\/v2\/pages\/28\/revisions"}],"predecessor-version":[{"id":976,"href":"https:\/\/spfz.ch\/index.php?rest_route=\/wp\/v2\/pages\/28\/revisions\/976"}],"up":[{"embeddable":true,"href":"https:\/\/spfz.ch\/index.php?rest_route=\/wp\/v2\/pages\/2"}],"wp:attachment":[{"href":"https:\/\/spfz.ch\/index.php?rest_route=%2Fwp%2Fv2%2Fmedia&parent=28"}],"curies":[{"name":"wp","href":"https:\/\/api.w.org\/{rel}","templated":true}]}}